{"id":10,"date":"2025-01-03T23:19:04","date_gmt":"2025-01-03T22:19:04","guid":{"rendered":"https:\/\/www.la-cambuse.fr\/?page_id=10"},"modified":"2026-04-10T00:02:07","modified_gmt":"2026-04-09T22:02:07","slug":"a-propos-de-la-cambuse","status":"publish","type":"page","link":"https:\/\/www.la-cambuse.fr\/?page_id=10","title":{"rendered":"\u00c0 propos de La Cambuse"},"content":{"rendered":"\n<div class=\"wp-block-group alignfull has-global-padding is-layout-constrained wp-container-core-group-is-layout-669513ed wp-block-group-is-layout-constrained\" style=\"margin-top:0;margin-bottom:0;padding-top:var(--wp--preset--spacing--50);padding-right:var(--wp--preset--spacing--50);padding-bottom:var(--wp--preset--spacing--50);padding-left:var(--wp--preset--spacing--50)\">\n<p class=\"has-text-align-left has-medium-font-size\">L\u2019association Initiatives citoyennes a \u00e9t\u00e9 fond\u00e9e suite aux \u00e9v\u00e9nements de Charlie Hebdo en f\u00e9vrier 2015, un fort besoin de se retrouver et d\u2019\u00e9changer a \u00e9merg\u00e9 ce jour l\u00e0 et il nous a paru \u00e9vident d\u2019y r\u00e9pondre en proposant l\u2019id\u00e9e de cr\u00e9er un lieu de vie et d\u2019\u00e9changes : Un Atelier Citoyen.<\/p>\n\n\n\n<p><\/p>\n\n\n\n<p class=\"has-text-align-left has-medium-font-size\"><strong>Ce lieu s\u2019appelle aujourd\u2019hui : La Cambuse.<\/strong><\/p>\n\n\n\n<p class=\"has-text-align-left has-medium-font-size\"><strong><br><\/strong>C&rsquo;est un espace ouvert \u00e0 toutes et tous, cr\u00e9ateur de lien social. Il s\u2019appuie sur 2 principes compl\u00e9mentaires.<\/p>\n\n\n\n<p class=\"has-text-align-left has-medium-font-size\"><\/p>\n\n\n\n<p class=\"has-text-align-left has-medium-font-size\"><strong>Le premier principe est de proposer des activit\u00e9s en lien avec la solidarit\u00e9, le partage, le d\u00e9veloppement durable et dans le respect de ce qui existe d\u00e9j\u00e0 sur la commune.<\/strong><\/p>\n\n\n\n<p class=\"has-medium-font-size\"><\/p>\n\n\n\n<p class=\"has-text-align-left has-medium-font-size\">Les aspects que nous mettons en avant sont :<\/p>\n\n\n\n<ul class=\"wp-block-list\">\n<li>Les \u00e9changes interculturels, des ateliers cr\u00e9atifs pour enfants avec des mati\u00e8res premi\u00e8res existantes ou provenant de la nature, des d\u00e9bats ou encore des ateliers cuisine et de sensibilisation autour de l\u2019alimentation local et de saison. Les citoyen.nes se c\u00f4toient dans ce lieu, participent \u00e0 son fonctionnement ou simplement viennent pour se d\u00e9tendre, partager et passer un moment agr\u00e9able.<\/li>\n\n\n\n<li>Les \u00e9changes interg\u00e9n\u00e9rationnels : les conteur.euses viennent raconter des histoires aux enfants en fran\u00e7ais et en \u00e9tranger, les soir\u00e9es jeux, les apr\u00e8s midi partages d\u2019exp\u00e9riences et de savoir-faire. Ce sont des moyens simples pour cr\u00e9er du lien entre les g\u00e9n\u00e9rations et favoriser les \u00e9changes riches.<br><\/li>\n<\/ul>\n\n\n\n<p class=\"has-text-align-left has-medium-font-size\"><strong>Le second principe du lieu est de laisser la place aux citoyens.<\/strong><\/p>\n\n\n\n<ul class=\"wp-block-list\">\n<li>Pour vous permettre de mettre en place des projets solidaires et proposer des id\u00e9es d\u2019animations en fonction de vos envies et de votre savoir-faire.<\/li>\n\n\n\n<li>Des plages horaires sont laiss\u00e9es disponibles pour les citoyens d\u00e9sireux d\u2019\u00eatre acteur de ce lieu.<\/li>\n\n\n\n<li>Exemple: ateliers de discussion sur la parentalit\u00e9, soir\u00e9e d\u00e9couverte des grottes de la r\u00e9gion, soutien informatique, atelier d\u2019\u00e9criture, apr\u00e8s-midi four \u00e0 pain sont des th\u00e8mes qui nous ont d\u00e9j\u00e0 \u00e9t\u00e9 propos\u00e9s.<\/li>\n<\/ul>\n\n\n\n<p class=\"has-medium-font-size\"><\/p>\n\n\n\n<p><strong>Aujourd\u2019hui, le projet est vivant.<\/strong><\/p>\n\n\n\n<ul class=\"wp-block-list has-medium-font-size\">\n<li>Gr\u00e2ce au soutien de la municipalit\u00e9 qui nous met \u00e0 disposition le lieu.<\/li>\n\n\n\n<li>Gr\u00e2ce aux accompagnements locaux :\n<ul class=\"wp-block-list\">\n<li> notamment le dispositif Tiers-lieu de du d\u00e9partement Haute-Garonne, <\/li>\n\n\n\n<li>la r\u00e9gion Midi-Pyr\u00e9n\u00e9es avec Catalis, l\u2019incubateur qui nous a assist\u00e9 dans cette aventure \u00e0 travers des formations, du conseil, des mises en r\u00e9seau avec d\u2019autres acteurs de l\u2019ESS.<\/li>\n\n\n\n<li>la CAF avec le dispositif EVS ( Espace de Vie Sociale )<\/li>\n<\/ul>\n<\/li>\n<\/ul>\n\n\n\n<div style=\"height:44px\" aria-hidden=\"true\" class=\"wp-block-spacer\"><\/div>\n\n\n\n<figure class=\"wp-block-image size-large\"><img loading=\"lazy\" decoding=\"async\" width=\"1024\" height=\"576\" src=\"https:\/\/www.la-cambuse.fr\/wp-content\/uploads\/2025\/01\/Forum-des-associations-2024-1024x576.jpg\" alt=\"L'\u00e9quipe 2024\" class=\"wp-image-70\" srcset=\"https:\/\/www.la-cambuse.fr\/wp-content\/uploads\/2025\/01\/Forum-des-associations-2024-1024x576.jpg 1024w, https:\/\/www.la-cambuse.fr\/wp-content\/uploads\/2025\/01\/Forum-des-associations-2024-300x169.jpg 300w, https:\/\/www.la-cambuse.fr\/wp-content\/uploads\/2025\/01\/Forum-des-associations-2024-768x432.jpg 768w, https:\/\/www.la-cambuse.fr\/wp-content\/uploads\/2025\/01\/Forum-des-associations-2024-1536x864.jpg 1536w, https:\/\/www.la-cambuse.fr\/wp-content\/uploads\/2025\/01\/Forum-des-associations-2024-2048x1152.jpg 2048w\" sizes=\"auto, (max-width: 1024px) 100vw, 1024px\" \/><\/figure>\n<\/div>\n\n\n\n<p class=\"has-text-align-center\">Pour en savoir plus, voici les rapports d&rsquo;activit\u00e9<\/p>\n\n\n\n<ul class=\"wp-block-list\">\n<li> <a href=\"https:\/\/drive.google.com\/file\/d\/1DXncyhUOdSMByxB2LQ4trbtmmkdiZxso\/view?usp=drive_linkLDJ1VOsLcHjWYzhP\/view?usp=sharing\" data-type=\"link\" data-id=\"https:\/\/drive.google.com\/file\/d\/1-Ee7Is6kEVU8Zq9OLDJ1VOsLcHjWYzhP\/view?usp=sharing\" target=\"_blank\" rel=\"noreferrer noopener\">rapport d&rsquo;activit\u00e9 2024 &#8211; 2025 <\/a><\/li>\n\n\n\n<li><a href=\"https:\/\/drive.google.com\/file\/d\/1wY9LcUwHq_Wxx1Vpgw3OC-0pWNVeZ4hE\/view?usp=drive_link\">rapport d&rsquo;activit\u00e9 2025<\/a> &#8211; ann\u00e9e de pr\u00e9figuration Espace de Vie Sociale CAF<\/li>\n<\/ul>\n\n\n\n<p class=\"has-text-align-center\">Notre <a href=\"https:\/\/drive.google.com\/file\/d\/1wvxgRfni-SROqw3VpyNhOvKDBs1oAIVr\/view?usp=sharing\" data-type=\"link\" data-id=\"https:\/\/drive.google.com\/file\/d\/1wvxgRfni-SROqw3VpyNhOvKDBs1oAIVr\/view?usp=sharing\">r\u00e8glement int\u00e9rieur est disponible ICI<\/a><\/p>\n\n\n\n<p><\/p>\n","protected":false},"excerpt":{"rendered":"<p>L\u2019association Initiatives citoyennes a \u00e9t\u00e9 fond\u00e9e suite aux \u00e9v\u00e9nements de Charlie Hebdo en f\u00e9vrier 2015, un fort besoin de se retrouver et d\u2019\u00e9changer a \u00e9merg\u00e9 ce jour l\u00e0 et il [&hellip;]<\/p>\n","protected":false},"author":1,"featured_media":0,"parent":0,"menu_order":0,"comment_status":"closed","ping_status":"closed","template":"","meta":{"_EventAllDay":false,"_EventTimezone":"","_EventStartDate":"","_EventEndDate":"","_EventStartDateUTC":"","_EventEndDateUTC":"","_EventShowMap":false,"_EventShowMapLink":false,"_EventURL":"","_EventCost":"","_EventCostDescription":"","_EventCurrencySymbol":"","_EventCurrencyCode":"","_EventCurrencyPosition":"","_EventDateTimeSeparator":"","_EventTimeRangeSeparator":"","_EventOrganizerID":[],"_EventVenueID":[],"_OrganizerEmail":"","_OrganizerPhone":"","_OrganizerWebsite":"","_VenueAddress":"","_VenueCity":"","_VenueCountry":"","_VenueProvince":"","_VenueState":"","_VenueZip":"","_VenuePhone":"","_VenueURL":"","_VenueStateProvince":"","_VenueLat":"","_VenueLng":"","_VenueShowMap":false,"_VenueShowMapLink":false,"footnotes":""},"class_list":["post-10","page","type-page","status-publish","hentry"],"_links":{"self":[{"href":"https:\/\/www.la-cambuse.fr\/index.php?rest_route=\/wp\/v2\/pages\/10","targetHints":{"allow":["GET"]}}],"collection":[{"href":"https:\/\/www.la-cambuse.fr\/index.php?rest_route=\/wp\/v2\/pages"}],"about":[{"href":"https:\/\/www.la-cambuse.fr\/index.php?rest_route=\/wp\/v2\/types\/page"}],"author":[{"embeddable":true,"href":"https:\/\/www.la-cambuse.fr\/index.php?rest_route=\/wp\/v2\/users\/1"}],"replies":[{"embeddable":true,"href":"https:\/\/www.la-cambuse.fr\/index.php?rest_route=%2Fwp%2Fv2%2Fcomments&post=10"}],"version-history":[{"count":21,"href":"https:\/\/www.la-cambuse.fr\/index.php?rest_route=\/wp\/v2\/pages\/10\/revisions"}],"predecessor-version":[{"id":450,"href":"https:\/\/www.la-cambuse.fr\/index.php?rest_route=\/wp\/v2\/pages\/10\/revisions\/450"}],"wp:attachment":[{"href":"https:\/\/www.la-cambuse.fr\/index.php?rest_route=%2Fwp%2Fv2%2Fmedia&parent=10"}],"curies":[{"name":"wp","href":"https:\/\/api.w.org\/{rel}","templated":true}]}}